{"id":368,"date":"2025-07-24T14:08:03","date_gmt":"2025-07-24T12:08:03","guid":{"rendered":"https:\/\/dceestructuras.com\/disseny-i-calcul-destructures\/"},"modified":"2025-09-08T15:38:39","modified_gmt":"2025-09-08T13:38:39","slug":"disseny-i-calcul-destructures","status":"publish","type":"page","link":"https:\/\/dceestructuras.com\/ca\/disseny-i-calcul-destructures\/","title":{"rendered":"Disseny i c\u00e0lcul d&#8217;estructures"},"content":{"rendered":"\t\t<div data-elementor-type=\"wp-page\" data-elementor-id=\"368\" class=\"elementor elementor-368 elementor-57\" data-elementor-post-type=\"page\">\n\t\t\t\t<div class=\"elementor-element elementor-element-e1912c7 e-con-full e-flex e-con e-parent\" data-id=\"e1912c7\" data-element_type=\"container\" data-e-type=\"container\" data-settings=\"{&quot;background_background&quot;:&quot;classic&quot;}\">\n\t\t\t\t<\/div>\n\t\t<div class=\"elementor-element elementor-element-189af42 e-flex e-con-boxed e-con e-parent\" data-id=\"189af42\" data-element_type=\"container\" data-e-type=\"container\" data-settings=\"{&quot;background_background&quot;:&quot;classic&quot;}\">\n\t\t\t\t\t<div class=\"e-con-inner\">\n\t\t\t\t<div class=\"elementor-element elementor-element-449ae96 elementor-widget elementor-widget-heading\" data-id=\"449ae96\" data-element_type=\"widget\" data-e-type=\"widget\" data-widget_type=\"heading.default\">\n\t\t\t\t\t<h1 class=\"elementor-heading-title elementor-size-default\">Disseny i c\u00e0lcul d'estructures<\/h1>\t\t\t\t<\/div>\n\t\t<div class=\"elementor-element elementor-element-d3a7011 e-con-full e-flex e-con e-child\" data-id=\"d3a7011\" data-element_type=\"container\" data-e-type=\"container\">\n\t\t\t\t<div class=\"elementor-element elementor-element-2558436 elementor-widget__width-initial elementor-widget elementor-widget-text-editor\" data-id=\"2558436\" data-element_type=\"widget\" data-e-type=\"widget\" data-widget_type=\"text-editor.default\">\n\t\t\t\t\t\t\t\t\t<p>A D.C.E. treballem amb arquitectes, constructors i promotors dissenyant, calculant i dibuixant les estructures dels seus projectes. Realitzem una tasca conjunta per donar forma al suport estructural dels edificis, integrada en el disseny arquitect\u00f2nic, centrant-nos en els detalls. <\/p>\t\t\t\t\t\t\t\t<\/div>\n\t\t\t\t<div class=\"elementor-element elementor-element-968fa0c elementor-widget elementor-widget-button\" data-id=\"968fa0c\" data-element_type=\"widget\" data-e-type=\"widget\" data-widget_type=\"button.default\">\n\t\t\t\t\t\t\t\t\t\t<a class=\"elementor-button elementor-button-link elementor-size-sm\" href=\"https:\/\/dceestructuras.com\/ca\/contacte\/\">\n\t\t\t\t\t\t<span class=\"elementor-button-content-wrapper\">\n\t\t\t\t\t\t\t\t\t<span class=\"elementor-button-text\">Contacta<\/span>\n\t\t\t\t\t<\/span>\n\t\t\t\t\t<\/a>\n\t\t\t\t\t\t\t\t<\/div>\n\t\t\t\t<\/div>\n\t\t\t\t\t<\/div>\n\t\t\t\t<\/div>\n\t\t<div class=\"elementor-element elementor-element-fa8ca62 e-flex e-con-boxed e-con e-parent\" data-id=\"fa8ca62\" data-element_type=\"container\" data-e-type=\"container\">\n\t\t\t\t\t<div class=\"e-con-inner\">\n\t\t\t\t<div class=\"elementor-element elementor-element-8009079 elementor-widget elementor-widget-n-accordion\" data-id=\"8009079\" data-element_type=\"widget\" data-e-type=\"widget\" data-settings=\"{&quot;default_state&quot;:&quot;expanded&quot;,&quot;max_items_expended&quot;:&quot;one&quot;,&quot;n_accordion_animation_duration&quot;:{&quot;unit&quot;:&quot;ms&quot;,&quot;size&quot;:400,&quot;sizes&quot;:[]}}\" data-widget_type=\"nested-accordion.default\">\n\t\t\t\t\t\t\t<div class=\"e-n-accordion\" aria-label=\"Accordion. Open links with Enter or Space, close with Escape, and navigate with Arrow Keys\">\n\t\t\t\t\t\t<details id=\"numero\" class=\"e-n-accordion-item\" open>\n\t\t\t\t<summary class=\"e-n-accordion-item-title\" data-accordion-index=\"1\" tabindex=\"0\" aria-expanded=\"true\" aria-controls=\"numero\" >\n\t\t\t\t\t<span class='e-n-accordion-item-title-header'><div class=\"e-n-accordion-item-title-text\"> <span class=\"numero\">\/01<\/span> Experi\u00e8ncia i enfocament professional <\/div><\/span>\n\t\t\t\t\t\t\t<span class='e-n-accordion-item-title-icon'>\n\t\t\t<span class='e-opened' ><svg aria-hidden=\"true\" class=\"e-font-icon-svg e-fas-minus\" viewBox=\"0 0 448 512\" xmlns=\"http:\/\/www.w3.org\/2000\/svg\"><path d=\"M416 208H32c-17.67 0-32 14.33-32 32v32c0 17.67 14.33 32 32 32h384c17.67 0 32-14.33 32-32v-32c0-17.67-14.33-32-32-32z\"><\/path><\/svg><\/span>\n\t\t\t<span class='e-closed'><svg aria-hidden=\"true\" class=\"e-font-icon-svg e-fas-plus\" viewBox=\"0 0 448 512\" xmlns=\"http:\/\/www.w3.org\/2000\/svg\"><path d=\"M416 208H272V64c0-17.67-14.33-32-32-32h-32c-17.67 0-32 14.33-32 32v144H32c-17.67 0-32 14.33-32 32v32c0 17.67 14.33 32 32 32h144v144c0 17.67 14.33 32 32 32h32c17.67 0 32-14.33 32-32V304h144c17.67 0 32-14.33 32-32v-32c0-17.67-14.33-32-32-32z\"><\/path><\/svg><\/span>\n\t\t<\/span>\n\n\t\t\t\t\t\t<\/summary>\n\t\t\t\t<div role=\"region\" aria-labelledby=\"numero\" class=\"elementor-element elementor-element-1ef01ec e-con-full e-flex e-con e-child\" data-id=\"1ef01ec\" data-element_type=\"container\" data-e-type=\"container\">\n\t\t\t\t<div class=\"elementor-element elementor-element-5603480 elementor-widget__width-initial elementor-widget elementor-widget-text-editor\" data-id=\"5603480\" data-element_type=\"widget\" data-e-type=\"widget\" data-widget_type=\"text-editor.default\">\n\t\t\t\t\t\t\t\t\t<p>Amb 14 anys d&#8217;experi\u00e8ncia en el sector, Estudi d&#8217;Arquitectura i Enginyeria D.C.E. ofereix els coneixements i talent necessaris per afrontar amb rigor i capacitat les estructures de les quals ens fem c\u00e0rrec.<br>Posem especial \u00e8mfasi en la claredat i racionalitat dels pl\u00e0nols d&#8217;estructura, perqu\u00e8 hi hagi les m\u00ednimes dubtes durant l&#8217;execuci\u00f3 de les obres.<\/p>\t\t\t\t\t\t\t\t<\/div>\n\t\t\t\t<\/div>\n\t\t\t\t\t<\/details>\n\t\t\t\t\t\t<details id=\"02\" class=\"e-n-accordion-item\" >\n\t\t\t\t<summary class=\"e-n-accordion-item-title\" data-accordion-index=\"2\" tabindex=\"-1\" aria-expanded=\"false\" aria-controls=\"02\" >\n\t\t\t\t\t<span class='e-n-accordion-item-title-header'><div class=\"e-n-accordion-item-title-text\"> <span class=\"numero\">\/02<\/span>Servei ofert <\/div><\/span>\n\t\t\t\t\t\t\t<span class='e-n-accordion-item-title-icon'>\n\t\t\t<span class='e-opened' ><svg aria-hidden=\"true\" class=\"e-font-icon-svg e-fas-minus\" viewBox=\"0 0 448 512\" xmlns=\"http:\/\/www.w3.org\/2000\/svg\"><path d=\"M416 208H32c-17.67 0-32 14.33-32 32v32c0 17.67 14.33 32 32 32h384c17.67 0 32-14.33 32-32v-32c0-17.67-14.33-32-32-32z\"><\/path><\/svg><\/span>\n\t\t\t<span class='e-closed'><svg aria-hidden=\"true\" class=\"e-font-icon-svg e-fas-plus\" viewBox=\"0 0 448 512\" xmlns=\"http:\/\/www.w3.org\/2000\/svg\"><path d=\"M416 208H272V64c0-17.67-14.33-32-32-32h-32c-17.67 0-32 14.33-32 32v144H32c-17.67 0-32 14.33-32 32v32c0 17.67 14.33 32 32 32h144v144c0 17.67 14.33 32 32 32h32c17.67 0 32-14.33 32-32V304h144c17.67 0 32-14.33 32-32v-32c0-17.67-14.33-32-32-32z\"><\/path><\/svg><\/span>\n\t\t<\/span>\n\n\t\t\t\t\t\t<\/summary>\n\t\t\t\t<div role=\"region\" aria-labelledby=\"02\" class=\"elementor-element elementor-element-1766492 e-con-full e-flex e-con e-child\" data-id=\"1766492\" data-element_type=\"container\" data-e-type=\"container\">\n\t\t\t\t<div class=\"elementor-element elementor-element-5e396ab elementor-widget__width-initial elementor-widget elementor-widget-text-editor\" data-id=\"5e396ab\" data-element_type=\"widget\" data-e-type=\"widget\" data-widget_type=\"text-editor.default\">\n\t\t\t\t\t\t\t\t\t<p>Oferim per tant un servei de consultoria estructural, consistent a realitzar el disseny, c\u00e0lcul i dibuix de les estructures, amb l\u00e0mines finalitzades, aix\u00ed com les medicions de la part estructural, a un preu competitiu i amb la m\u00e0xima garantia de qualitat.<br>Truqueu-nos o envieu-nos el vostre projecte, i oferirem un pressupost adaptat a les vostres necessitats.<\/p>\t\t\t\t\t\t\t\t<\/div>\n\t\t\t\t<\/div>\n\t\t\t\t\t<\/details>\n\t\t\t\t\t<\/div>\n\t\t\t\t\t\t<\/div>\n\t\t\t\t\t<\/div>\n\t\t\t\t<\/div>\n\t\t<div class=\"elementor-element elementor-element-15503e4 e-flex e-con-boxed e-con e-parent\" data-id=\"15503e4\" data-element_type=\"container\" data-e-type=\"container\" data-settings=\"{&quot;background_background&quot;:&quot;classic&quot;}\">\n\t\t\t\t\t<div class=\"e-con-inner\">\n\t\t\t\t<div class=\"elementor-element elementor-element-bdeaeb1 elementor-widget elementor-widget-text-editor\" data-id=\"bdeaeb1\" data-element_type=\"widget\" data-e-type=\"widget\" data-widget_type=\"text-editor.default\">\n\t\t\t\t\t\t\t\t\t<p>&#8220;El naixement d&#8217;un conjunt estructural, resultat d&#8217;un proc\u00e9s creador, fusi\u00f3 de t\u00e8cnica amb art, d&#8217;enginy amb estudi, d&#8217;imaginaci\u00f3 amb sensibilitat, escapa del pur domini de la l\u00f2gica per entrar en les secretes fronteres de la inspiraci\u00f3&#8221;<\/p>\t\t\t\t\t\t\t\t<\/div>\n\t\t\t\t<div class=\"elementor-element elementor-element-fbad60a elementor-widget elementor-widget-text-editor\" data-id=\"fbad60a\" data-element_type=\"widget\" data-e-type=\"widget\" data-widget_type=\"text-editor.default\">\n\t\t\t\t\t\t\t\t\t<p>Eduardo Torroja<\/p>\t\t\t\t\t\t\t\t<\/div>\n\t\t\t\t\t<\/div>\n\t\t\t\t<\/div>\n\t\t\t\t<\/div>\n\t\t","protected":false},"excerpt":{"rendered":"<p>Disseny i c\u00e0lcul d&#8217;estructures A D.C.E. treballem amb arquitectes, constructors i promotors dissenyant, calculant i dibuixant les estructures dels seus projectes. Realitzem una tasca conjunta per donar forma al suport estructural dels edificis, integrada en el disseny arquitect\u00f2nic, centrant-nos en els detalls. Contacta \/01 Experi\u00e8ncia i enfocament professional Amb 14 anys d&#8217;experi\u00e8ncia en el sector, [&hellip;]<\/p>\n","protected":false},"author":2,"featured_media":0,"parent":0,"menu_order":0,"comment_status":"closed","ping_status":"closed","template":"elementor_header_footer","meta":{"footnotes":""},"class_list":["post-368","page","type-page","status-publish","hentry"],"yoast_head":"<!-- This site is optimized with the Yoast SEO plugin v27.3 - https:\/\/yoast.com\/product\/yoast-seo-wordpress\/ -->\n<title>Disseny i c\u00e0lcul d&#039;estructures - DCE Estructuras<\/title>\n<meta name=\"robots\" content=\"index, follow, max-snippet:-1, max-image-preview:large, max-video-preview:-1\" \/>\n<link rel=\"canonical\" href=\"https:\/\/dceestructuras.com\/ca\/disseny-i-calcul-destructures\/\" \/>\n<meta property=\"og:locale\" content=\"en_US\" \/>\n<meta property=\"og:type\" content=\"article\" \/>\n<meta property=\"og:title\" content=\"Disseny i c\u00e0lcul d&#039;estructures - DCE Estructuras\" \/>\n<meta property=\"og:description\" content=\"Disseny i c\u00e0lcul d&#8217;estructures A D.C.E. treballem amb arquitectes, constructors i promotors dissenyant, calculant i dibuixant les estructures dels seus projectes. Realitzem una tasca conjunta per donar forma al suport estructural dels edificis, integrada en el disseny arquitect\u00f2nic, centrant-nos en els detalls. Contacta \/01 Experi\u00e8ncia i enfocament professional Amb 14 anys d&#8217;experi\u00e8ncia en el sector, [&hellip;]\" \/>\n<meta property=\"og:url\" content=\"https:\/\/dceestructuras.com\/ca\/disseny-i-calcul-destructures\/\" \/>\n<meta property=\"og:site_name\" content=\"DCE Estructuras\" \/>\n<meta property=\"article:publisher\" content=\"https:\/\/www.facebook.com\/disenoycalculo\/\" \/>\n<meta property=\"article:modified_time\" content=\"2025-09-08T13:38:39+00:00\" \/>\n<meta name=\"twitter:card\" content=\"summary_large_image\" \/>\n<meta name=\"twitter:label1\" content=\"Est. reading time\" \/>\n\t<meta name=\"twitter:data1\" content=\"2 minutes\" \/>\n<script type=\"application\/ld+json\" class=\"yoast-schema-graph\">{\"@context\":\"https:\\\/\\\/schema.org\",\"@graph\":[{\"@type\":\"WebPage\",\"@id\":\"https:\\\/\\\/dceestructuras.com\\\/ca\\\/disseny-i-calcul-destructures\\\/\",\"url\":\"https:\\\/\\\/dceestructuras.com\\\/ca\\\/disseny-i-calcul-destructures\\\/\",\"name\":\"Disseny i c\u00e0lcul d'estructures - DCE Estructuras\",\"isPartOf\":{\"@id\":\"https:\\\/\\\/dceestructuras.com\\\/ca\\\/#website\"},\"datePublished\":\"2025-07-24T12:08:03+00:00\",\"dateModified\":\"2025-09-08T13:38:39+00:00\",\"breadcrumb\":{\"@id\":\"https:\\\/\\\/dceestructuras.com\\\/ca\\\/disseny-i-calcul-destructures\\\/#breadcrumb\"},\"inLanguage\":\"ca-CA\",\"potentialAction\":[{\"@type\":\"ReadAction\",\"target\":[\"https:\\\/\\\/dceestructuras.com\\\/ca\\\/disseny-i-calcul-destructures\\\/\"]}]},{\"@type\":\"BreadcrumbList\",\"@id\":\"https:\\\/\\\/dceestructuras.com\\\/ca\\\/disseny-i-calcul-destructures\\\/#breadcrumb\",\"itemListElement\":[{\"@type\":\"ListItem\",\"position\":1,\"name\":\"Portada\",\"item\":\"https:\\\/\\\/dceestructuras.com\\\/ca\\\/\"},{\"@type\":\"ListItem\",\"position\":2,\"name\":\"Disseny i c\u00e0lcul d&#8217;estructures\"}]},{\"@type\":\"WebSite\",\"@id\":\"https:\\\/\\\/dceestructuras.com\\\/ca\\\/#website\",\"url\":\"https:\\\/\\\/dceestructuras.com\\\/ca\\\/\",\"name\":\"DCE Estructuras\",\"description\":\"\",\"publisher\":{\"@id\":\"https:\\\/\\\/dceestructuras.com\\\/ca\\\/#organization\"},\"potentialAction\":[{\"@type\":\"SearchAction\",\"target\":{\"@type\":\"EntryPoint\",\"urlTemplate\":\"https:\\\/\\\/dceestructuras.com\\\/ca\\\/?s={search_term_string}\"},\"query-input\":{\"@type\":\"PropertyValueSpecification\",\"valueRequired\":true,\"valueName\":\"search_term_string\"}}],\"inLanguage\":\"ca-CA\"},{\"@type\":\"Organization\",\"@id\":\"https:\\\/\\\/dceestructuras.com\\\/ca\\\/#organization\",\"name\":\"DCE Estructuras\",\"url\":\"https:\\\/\\\/dceestructuras.com\\\/ca\\\/\",\"logo\":{\"@type\":\"ImageObject\",\"inLanguage\":\"ca-CA\",\"@id\":\"https:\\\/\\\/dceestructuras.com\\\/ca\\\/#\\\/schema\\\/logo\\\/image\\\/\",\"url\":\"https:\\\/\\\/dceestructuras.com\\\/wp-content\\\/uploads\\\/2025\\\/07\\\/LOGO-DCE_Mesa-de-trabajo-1-1.jpg\",\"contentUrl\":\"https:\\\/\\\/dceestructuras.com\\\/wp-content\\\/uploads\\\/2025\\\/07\\\/LOGO-DCE_Mesa-de-trabajo-1-1.jpg\",\"width\":512,\"height\":512,\"caption\":\"DCE Estructuras\"},\"image\":{\"@id\":\"https:\\\/\\\/dceestructuras.com\\\/ca\\\/#\\\/schema\\\/logo\\\/image\\\/\"},\"sameAs\":[\"https:\\\/\\\/www.facebook.com\\\/disenoycalculo\\\/\"]}]}<\/script>\n<!-- \/ Yoast SEO plugin. -->","yoast_head_json":{"title":"Disseny i c\u00e0lcul d'estructures - DCE Estructuras","robots":{"index":"index","follow":"follow","max-snippet":"max-snippet:-1","max-image-preview":"max-image-preview:large","max-video-preview":"max-video-preview:-1"},"canonical":"https:\/\/dceestructuras.com\/ca\/disseny-i-calcul-destructures\/","og_locale":"en_US","og_type":"article","og_title":"Disseny i c\u00e0lcul d'estructures - DCE Estructuras","og_description":"Disseny i c\u00e0lcul d&#8217;estructures A D.C.E. treballem amb arquitectes, constructors i promotors dissenyant, calculant i dibuixant les estructures dels seus projectes. Realitzem una tasca conjunta per donar forma al suport estructural dels edificis, integrada en el disseny arquitect\u00f2nic, centrant-nos en els detalls. Contacta \/01 Experi\u00e8ncia i enfocament professional Amb 14 anys d&#8217;experi\u00e8ncia en el sector, [&hellip;]","og_url":"https:\/\/dceestructuras.com\/ca\/disseny-i-calcul-destructures\/","og_site_name":"DCE Estructuras","article_publisher":"https:\/\/www.facebook.com\/disenoycalculo\/","article_modified_time":"2025-09-08T13:38:39+00:00","twitter_card":"summary_large_image","twitter_misc":{"Est. reading time":"2 minutes"},"schema":{"@context":"https:\/\/schema.org","@graph":[{"@type":"WebPage","@id":"https:\/\/dceestructuras.com\/ca\/disseny-i-calcul-destructures\/","url":"https:\/\/dceestructuras.com\/ca\/disseny-i-calcul-destructures\/","name":"Disseny i c\u00e0lcul d'estructures - DCE Estructuras","isPartOf":{"@id":"https:\/\/dceestructuras.com\/ca\/#website"},"datePublished":"2025-07-24T12:08:03+00:00","dateModified":"2025-09-08T13:38:39+00:00","breadcrumb":{"@id":"https:\/\/dceestructuras.com\/ca\/disseny-i-calcul-destructures\/#breadcrumb"},"inLanguage":"ca-CA","potentialAction":[{"@type":"ReadAction","target":["https:\/\/dceestructuras.com\/ca\/disseny-i-calcul-destructures\/"]}]},{"@type":"BreadcrumbList","@id":"https:\/\/dceestructuras.com\/ca\/disseny-i-calcul-destructures\/#breadcrumb","itemListElement":[{"@type":"ListItem","position":1,"name":"Portada","item":"https:\/\/dceestructuras.com\/ca\/"},{"@type":"ListItem","position":2,"name":"Disseny i c\u00e0lcul d&#8217;estructures"}]},{"@type":"WebSite","@id":"https:\/\/dceestructuras.com\/ca\/#website","url":"https:\/\/dceestructuras.com\/ca\/","name":"DCE Estructuras","description":"","publisher":{"@id":"https:\/\/dceestructuras.com\/ca\/#organization"},"potentialAction":[{"@type":"SearchAction","target":{"@type":"EntryPoint","urlTemplate":"https:\/\/dceestructuras.com\/ca\/?s={search_term_string}"},"query-input":{"@type":"PropertyValueSpecification","valueRequired":true,"valueName":"search_term_string"}}],"inLanguage":"ca-CA"},{"@type":"Organization","@id":"https:\/\/dceestructuras.com\/ca\/#organization","name":"DCE Estructuras","url":"https:\/\/dceestructuras.com\/ca\/","logo":{"@type":"ImageObject","inLanguage":"ca-CA","@id":"https:\/\/dceestructuras.com\/ca\/#\/schema\/logo\/image\/","url":"https:\/\/dceestructuras.com\/wp-content\/uploads\/2025\/07\/LOGO-DCE_Mesa-de-trabajo-1-1.jpg","contentUrl":"https:\/\/dceestructuras.com\/wp-content\/uploads\/2025\/07\/LOGO-DCE_Mesa-de-trabajo-1-1.jpg","width":512,"height":512,"caption":"DCE Estructuras"},"image":{"@id":"https:\/\/dceestructuras.com\/ca\/#\/schema\/logo\/image\/"},"sameAs":["https:\/\/www.facebook.com\/disenoycalculo\/"]}]}},"_links":{"self":[{"href":"https:\/\/dceestructuras.com\/ca\/wp-json\/wp\/v2\/pages\/368","targetHints":{"allow":["GET"]}}],"collection":[{"href":"https:\/\/dceestructuras.com\/ca\/wp-json\/wp\/v2\/pages"}],"about":[{"href":"https:\/\/dceestructuras.com\/ca\/wp-json\/wp\/v2\/types\/page"}],"author":[{"embeddable":true,"href":"https:\/\/dceestructuras.com\/ca\/wp-json\/wp\/v2\/users\/2"}],"replies":[{"embeddable":true,"href":"https:\/\/dceestructuras.com\/ca\/wp-json\/wp\/v2\/comments?post=368"}],"version-history":[{"count":1,"href":"https:\/\/dceestructuras.com\/ca\/wp-json\/wp\/v2\/pages\/368\/revisions"}],"predecessor-version":[{"id":369,"href":"https:\/\/dceestructuras.com\/ca\/wp-json\/wp\/v2\/pages\/368\/revisions\/369"}],"wp:attachment":[{"href":"https:\/\/dceestructuras.com\/ca\/wp-json\/wp\/v2\/media?parent=368"}],"curies":[{"name":"wp","href":"https:\/\/api.w.org\/{rel}","templated":true}]}}