{"id":370,"date":"2025-07-24T15:37:44","date_gmt":"2025-07-24T13:37:44","guid":{"rendered":"https:\/\/dceestructuras.com\/informes-estructurals\/"},"modified":"2025-09-08T15:41:38","modified_gmt":"2025-09-08T13:41:38","slug":"informes-estructurals","status":"publish","type":"page","link":"https:\/\/dceestructuras.com\/ca\/informes-estructurals\/","title":{"rendered":"Informes estructurals"},"content":{"rendered":"\t\t<div data-elementor-type=\"wp-page\" data-elementor-id=\"370\" class=\"elementor elementor-370 elementor-85\" data-elementor-post-type=\"page\">\n\t\t\t\t<div class=\"elementor-element elementor-element-89c7451 e-con-full e-flex e-con e-parent\" data-id=\"89c7451\" data-element_type=\"container\" data-e-type=\"container\" data-settings=\"{&quot;background_background&quot;:&quot;classic&quot;}\">\n\t\t\t\t<\/div>\n\t\t<div class=\"elementor-element elementor-element-2c0f26a e-flex e-con-boxed e-con e-parent\" data-id=\"2c0f26a\" data-element_type=\"container\" data-e-type=\"container\" data-settings=\"{&quot;background_background&quot;:&quot;classic&quot;}\">\n\t\t\t\t\t<div class=\"e-con-inner\">\n\t\t\t\t<div class=\"elementor-element elementor-element-7577f35 elementor-widget elementor-widget-heading\" data-id=\"7577f35\" data-element_type=\"widget\" data-e-type=\"widget\" data-widget_type=\"heading.default\">\n\t\t\t\t\t<h1 class=\"elementor-heading-title elementor-size-default\">Informes estructurals<\/h1>\t\t\t\t<\/div>\n\t\t<div class=\"elementor-element elementor-element-872af5b e-con-full e-flex e-con e-child\" data-id=\"872af5b\" data-element_type=\"container\" data-e-type=\"container\">\n\t\t\t\t<div class=\"elementor-element elementor-element-181cbdd elementor-widget__width-initial elementor-widget elementor-widget-text-editor\" data-id=\"181cbdd\" data-element_type=\"widget\" data-e-type=\"widget\" data-widget_type=\"text-editor.default\">\n\t\t\t\t\t\t\t\t\t<p>Oferim servei de redacci\u00f3 d&#8217;informes estructurals de tota mena, des de comprovaci\u00f3 d&#8217;elements industrialitzats (p\u00e8rgoles, panells de fa\u00e7ana, etc.) fins a informes de predimensionament d&#8217;estructures, valoraci\u00f3 de c\u00e0rregues aplicades, etc.<\/p>\t\t\t\t\t\t\t\t<\/div>\n\t\t\t\t<div class=\"elementor-element elementor-element-7264e3d elementor-widget elementor-widget-button\" data-id=\"7264e3d\" data-element_type=\"widget\" data-e-type=\"widget\" data-widget_type=\"button.default\">\n\t\t\t\t\t\t\t\t\t\t<a class=\"elementor-button elementor-button-link elementor-size-sm\" href=\"https:\/\/dceestructuras.com\/ca\/contacte\/\">\n\t\t\t\t\t\t<span class=\"elementor-button-content-wrapper\">\n\t\t\t\t\t\t\t\t\t<span class=\"elementor-button-text\">Contacta<\/span>\n\t\t\t\t\t<\/span>\n\t\t\t\t\t<\/a>\n\t\t\t\t\t\t\t\t<\/div>\n\t\t\t\t<\/div>\n\t\t\t\t\t<\/div>\n\t\t\t\t<\/div>\n\t\t<div class=\"elementor-element elementor-element-e7e7831 e-flex e-con-boxed e-con e-parent\" data-id=\"e7e7831\" data-element_type=\"container\" data-e-type=\"container\">\n\t\t\t\t\t<div class=\"e-con-inner\">\n\t\t<div class=\"elementor-element elementor-element-1d56c15 e-con-full e-flex e-con e-child\" data-id=\"1d56c15\" data-element_type=\"container\" data-e-type=\"container\">\n\t\t\t\t<div class=\"elementor-element elementor-element-828a76f elementor-widget elementor-widget-n-accordion\" data-id=\"828a76f\" data-element_type=\"widget\" data-e-type=\"widget\" data-settings=\"{&quot;default_state&quot;:&quot;expanded&quot;,&quot;max_items_expended&quot;:&quot;one&quot;,&quot;n_accordion_animation_duration&quot;:{&quot;unit&quot;:&quot;ms&quot;,&quot;size&quot;:400,&quot;sizes&quot;:[]}}\" data-widget_type=\"nested-accordion.default\">\n\t\t\t\t\t\t\t<div class=\"e-n-accordion\" aria-label=\"Accordion. Open links with Enter or Space, close with Escape, and navigate with Arrow Keys\">\n\t\t\t\t\t\t<details id=\"01\" class=\"e-n-accordion-item\" open>\n\t\t\t\t<summary class=\"e-n-accordion-item-title\" data-accordion-index=\"1\" tabindex=\"0\" aria-expanded=\"true\" aria-controls=\"01\" >\n\t\t\t\t\t<span class='e-n-accordion-item-title-header'><div class=\"e-n-accordion-item-title-text\"> <span class=\"numero\">\/01<\/span>Tipus d'informes que realitzem <\/div><\/span>\n\t\t\t\t\t\t\t<span class='e-n-accordion-item-title-icon'>\n\t\t\t<span class='e-opened' ><svg aria-hidden=\"true\" class=\"e-font-icon-svg e-fas-minus\" viewBox=\"0 0 448 512\" xmlns=\"http:\/\/www.w3.org\/2000\/svg\"><path d=\"M416 208H32c-17.67 0-32 14.33-32 32v32c0 17.67 14.33 32 32 32h384c17.67 0 32-14.33 32-32v-32c0-17.67-14.33-32-32-32z\"><\/path><\/svg><\/span>\n\t\t\t<span class='e-closed'><svg aria-hidden=\"true\" class=\"e-font-icon-svg e-fas-plus\" viewBox=\"0 0 448 512\" xmlns=\"http:\/\/www.w3.org\/2000\/svg\"><path d=\"M416 208H272V64c0-17.67-14.33-32-32-32h-32c-17.67 0-32 14.33-32 32v144H32c-17.67 0-32 14.33-32 32v32c0 17.67 14.33 32 32 32h144v144c0 17.67 14.33 32 32 32h32c17.67 0 32-14.33 32-32V304h144c17.67 0 32-14.33 32-32v-32c0-17.67-14.33-32-32-32z\"><\/path><\/svg><\/span>\n\t\t<\/span>\n\n\t\t\t\t\t\t<\/summary>\n\t\t\t\t<div role=\"region\" aria-labelledby=\"01\" class=\"elementor-element elementor-element-af0c4b9 e-con-full e-flex e-con e-child\" data-id=\"af0c4b9\" data-element_type=\"container\" data-e-type=\"container\">\n\t\t\t\t<div class=\"elementor-element elementor-element-984c1f6 elementor-widget__width-initial elementor-widget elementor-widget-text-editor\" data-id=\"984c1f6\" data-element_type=\"widget\" data-e-type=\"widget\" data-widget_type=\"text-editor.default\">\n\t\t\t\t\t\t\t\t\t<p>Redactem informes per comprovar elements industrialitzats (p\u00e8rgoles, panells de fa\u00e7ana, m\u00f2duls prefabricats, etc.), el predimensionament d&#8217;estructures, la valoraci\u00f3 de c\u00e0rregues aplicades i la justificaci\u00f3 t\u00e8cnica en reformes, rehabilitacions o projectes d&#8217;obra nova.<\/p>\t\t\t\t\t\t\t\t<\/div>\n\t\t\t\t<\/div>\n\t\t\t\t\t<\/details>\n\t\t\t\t\t\t<details id=\"02\" class=\"e-n-accordion-item\" >\n\t\t\t\t<summary class=\"e-n-accordion-item-title\" data-accordion-index=\"2\" tabindex=\"-1\" aria-expanded=\"false\" aria-controls=\"02\" >\n\t\t\t\t\t<span class='e-n-accordion-item-title-header'><div class=\"e-n-accordion-item-title-text\"> <span class=\"numero\">\/02<\/span>Cada cas, un informe<\/span> <\/div><\/span>\n\t\t\t\t\t\t\t<span class='e-n-accordion-item-title-icon'>\n\t\t\t<span class='e-opened' ><svg aria-hidden=\"true\" class=\"e-font-icon-svg e-fas-minus\" viewBox=\"0 0 448 512\" xmlns=\"http:\/\/www.w3.org\/2000\/svg\"><path d=\"M416 208H32c-17.67 0-32 14.33-32 32v32c0 17.67 14.33 32 32 32h384c17.67 0 32-14.33 32-32v-32c0-17.67-14.33-32-32-32z\"><\/path><\/svg><\/span>\n\t\t\t<span class='e-closed'><svg aria-hidden=\"true\" class=\"e-font-icon-svg e-fas-plus\" viewBox=\"0 0 448 512\" xmlns=\"http:\/\/www.w3.org\/2000\/svg\"><path d=\"M416 208H272V64c0-17.67-14.33-32-32-32h-32c-17.67 0-32 14.33-32 32v144H32c-17.67 0-32 14.33-32 32v32c0 17.67 14.33 32 32 32h144v144c0 17.67 14.33 32 32 32h32c17.67 0 32-14.33 32-32V304h144c17.67 0 32-14.33 32-32v-32c0-17.67-14.33-32-32-32z\"><\/path><\/svg><\/span>\n\t\t<\/span>\n\n\t\t\t\t\t\t<\/summary>\n\t\t\t\t<div role=\"region\" aria-labelledby=\"02\" class=\"elementor-element elementor-element-54ab6ac e-con-full e-flex e-con e-child\" data-id=\"54ab6ac\" data-element_type=\"container\" data-e-type=\"container\">\n\t\t\t\t<div class=\"elementor-element elementor-element-72a69d7 elementor-widget__width-initial elementor-widget elementor-widget-text-editor\" data-id=\"72a69d7\" data-element_type=\"widget\" data-e-type=\"widget\" data-widget_type=\"text-editor.default\">\n\t\t\t\t\t\t\t\t\t<p>Cada situaci\u00f3 t\u00e9 particularitats, i per aix\u00f2 cada informe requereix un enfocament espec\u00edfic. Ens adaptem a la casu\u00edstica del projecte i a l&#8217;\u00fas que se li donar\u00e0 al document. <br>Necessites un informe estructural? Posa&#8217;t en contacte amb nosaltres i t&#8217;orientem sense cap comprom\u00eds. <\/p>\t\t\t\t\t\t\t\t<\/div>\n\t\t\t\t<\/div>\n\t\t\t\t\t<\/details>\n\t\t\t\t\t<\/div>\n\t\t\t\t\t\t<\/div>\n\t\t\t\t<\/div>\n\t\t\t\t\t<\/div>\n\t\t\t\t<\/div>\n\t\t\t\t<\/div>\n\t\t","protected":false},"excerpt":{"rendered":"<p>Informes estructurals Oferim servei de redacci\u00f3 d&#8217;informes estructurals de tota mena, des de comprovaci\u00f3 d&#8217;elements industrialitzats (p\u00e8rgoles, panells de fa\u00e7ana, etc.) fins a informes de predimensionament d&#8217;estructures, valoraci\u00f3 de c\u00e0rregues aplicades, etc. Contacta \/01Tipus d&#8217;informes que realitzem Redactem informes per comprovar elements industrialitzats (p\u00e8rgoles, panells de fa\u00e7ana, m\u00f2duls prefabricats, etc.), el predimensionament d&#8217;estructures, la valoraci\u00f3 [&hellip;]<\/p>\n","protected":false},"author":2,"featured_media":0,"parent":0,"menu_order":0,"comment_status":"closed","ping_status":"closed","template":"elementor_header_footer","meta":{"footnotes":""},"class_list":["post-370","page","type-page","status-publish","hentry"],"yoast_head":"<!-- This site is optimized with the Yoast SEO plugin v27.3 - https:\/\/yoast.com\/product\/yoast-seo-wordpress\/ -->\n<title>Informes estructurals - DCE Estructuras<\/title>\n<meta name=\"robots\" content=\"index, follow, max-snippet:-1, max-image-preview:large, max-video-preview:-1\" \/>\n<link rel=\"canonical\" href=\"https:\/\/dceestructuras.com\/ca\/informes-estructurals\/\" \/>\n<meta property=\"og:locale\" content=\"en_US\" \/>\n<meta property=\"og:type\" content=\"article\" \/>\n<meta property=\"og:title\" content=\"Informes estructurals - DCE Estructuras\" \/>\n<meta property=\"og:description\" content=\"Informes estructurals Oferim servei de redacci\u00f3 d&#8217;informes estructurals de tota mena, des de comprovaci\u00f3 d&#8217;elements industrialitzats (p\u00e8rgoles, panells de fa\u00e7ana, etc.) fins a informes de predimensionament d&#8217;estructures, valoraci\u00f3 de c\u00e0rregues aplicades, etc. Contacta \/01Tipus d&#8217;informes que realitzem Redactem informes per comprovar elements industrialitzats (p\u00e8rgoles, panells de fa\u00e7ana, m\u00f2duls prefabricats, etc.), el predimensionament d&#8217;estructures, la valoraci\u00f3 [&hellip;]\" \/>\n<meta property=\"og:url\" content=\"https:\/\/dceestructuras.com\/ca\/informes-estructurals\/\" \/>\n<meta property=\"og:site_name\" content=\"DCE Estructuras\" \/>\n<meta property=\"article:publisher\" content=\"https:\/\/www.facebook.com\/disenoycalculo\/\" \/>\n<meta property=\"article:modified_time\" content=\"2025-09-08T13:41:38+00:00\" \/>\n<meta name=\"twitter:card\" content=\"summary_large_image\" \/>\n<meta name=\"twitter:label1\" content=\"Est. reading time\" \/>\n\t<meta name=\"twitter:data1\" content=\"1 minute\" \/>\n<script type=\"application\/ld+json\" class=\"yoast-schema-graph\">{\"@context\":\"https:\\\/\\\/schema.org\",\"@graph\":[{\"@type\":\"WebPage\",\"@id\":\"https:\\\/\\\/dceestructuras.com\\\/ca\\\/informes-estructurals\\\/\",\"url\":\"https:\\\/\\\/dceestructuras.com\\\/ca\\\/informes-estructurals\\\/\",\"name\":\"Informes estructurals - DCE Estructuras\",\"isPartOf\":{\"@id\":\"https:\\\/\\\/dceestructuras.com\\\/ca\\\/#website\"},\"datePublished\":\"2025-07-24T13:37:44+00:00\",\"dateModified\":\"2025-09-08T13:41:38+00:00\",\"breadcrumb\":{\"@id\":\"https:\\\/\\\/dceestructuras.com\\\/ca\\\/informes-estructurals\\\/#breadcrumb\"},\"inLanguage\":\"ca-CA\",\"potentialAction\":[{\"@type\":\"ReadAction\",\"target\":[\"https:\\\/\\\/dceestructuras.com\\\/ca\\\/informes-estructurals\\\/\"]}]},{\"@type\":\"BreadcrumbList\",\"@id\":\"https:\\\/\\\/dceestructuras.com\\\/ca\\\/informes-estructurals\\\/#breadcrumb\",\"itemListElement\":[{\"@type\":\"ListItem\",\"position\":1,\"name\":\"Portada\",\"item\":\"https:\\\/\\\/dceestructuras.com\\\/ca\\\/\"},{\"@type\":\"ListItem\",\"position\":2,\"name\":\"Informes estructurals\"}]},{\"@type\":\"WebSite\",\"@id\":\"https:\\\/\\\/dceestructuras.com\\\/ca\\\/#website\",\"url\":\"https:\\\/\\\/dceestructuras.com\\\/ca\\\/\",\"name\":\"DCE Estructuras\",\"description\":\"\",\"publisher\":{\"@id\":\"https:\\\/\\\/dceestructuras.com\\\/ca\\\/#organization\"},\"potentialAction\":[{\"@type\":\"SearchAction\",\"target\":{\"@type\":\"EntryPoint\",\"urlTemplate\":\"https:\\\/\\\/dceestructuras.com\\\/ca\\\/?s={search_term_string}\"},\"query-input\":{\"@type\":\"PropertyValueSpecification\",\"valueRequired\":true,\"valueName\":\"search_term_string\"}}],\"inLanguage\":\"ca-CA\"},{\"@type\":\"Organization\",\"@id\":\"https:\\\/\\\/dceestructuras.com\\\/ca\\\/#organization\",\"name\":\"DCE Estructuras\",\"url\":\"https:\\\/\\\/dceestructuras.com\\\/ca\\\/\",\"logo\":{\"@type\":\"ImageObject\",\"inLanguage\":\"ca-CA\",\"@id\":\"https:\\\/\\\/dceestructuras.com\\\/ca\\\/#\\\/schema\\\/logo\\\/image\\\/\",\"url\":\"https:\\\/\\\/dceestructuras.com\\\/wp-content\\\/uploads\\\/2025\\\/07\\\/LOGO-DCE_Mesa-de-trabajo-1-1.jpg\",\"contentUrl\":\"https:\\\/\\\/dceestructuras.com\\\/wp-content\\\/uploads\\\/2025\\\/07\\\/LOGO-DCE_Mesa-de-trabajo-1-1.jpg\",\"width\":512,\"height\":512,\"caption\":\"DCE Estructuras\"},\"image\":{\"@id\":\"https:\\\/\\\/dceestructuras.com\\\/ca\\\/#\\\/schema\\\/logo\\\/image\\\/\"},\"sameAs\":[\"https:\\\/\\\/www.facebook.com\\\/disenoycalculo\\\/\"]}]}<\/script>\n<!-- \/ Yoast SEO plugin. -->","yoast_head_json":{"title":"Informes estructurals - DCE Estructuras","robots":{"index":"index","follow":"follow","max-snippet":"max-snippet:-1","max-image-preview":"max-image-preview:large","max-video-preview":"max-video-preview:-1"},"canonical":"https:\/\/dceestructuras.com\/ca\/informes-estructurals\/","og_locale":"en_US","og_type":"article","og_title":"Informes estructurals - DCE Estructuras","og_description":"Informes estructurals Oferim servei de redacci\u00f3 d&#8217;informes estructurals de tota mena, des de comprovaci\u00f3 d&#8217;elements industrialitzats (p\u00e8rgoles, panells de fa\u00e7ana, etc.) fins a informes de predimensionament d&#8217;estructures, valoraci\u00f3 de c\u00e0rregues aplicades, etc. Contacta \/01Tipus d&#8217;informes que realitzem Redactem informes per comprovar elements industrialitzats (p\u00e8rgoles, panells de fa\u00e7ana, m\u00f2duls prefabricats, etc.), el predimensionament d&#8217;estructures, la valoraci\u00f3 [&hellip;]","og_url":"https:\/\/dceestructuras.com\/ca\/informes-estructurals\/","og_site_name":"DCE Estructuras","article_publisher":"https:\/\/www.facebook.com\/disenoycalculo\/","article_modified_time":"2025-09-08T13:41:38+00:00","twitter_card":"summary_large_image","twitter_misc":{"Est. reading time":"1 minute"},"schema":{"@context":"https:\/\/schema.org","@graph":[{"@type":"WebPage","@id":"https:\/\/dceestructuras.com\/ca\/informes-estructurals\/","url":"https:\/\/dceestructuras.com\/ca\/informes-estructurals\/","name":"Informes estructurals - DCE Estructuras","isPartOf":{"@id":"https:\/\/dceestructuras.com\/ca\/#website"},"datePublished":"2025-07-24T13:37:44+00:00","dateModified":"2025-09-08T13:41:38+00:00","breadcrumb":{"@id":"https:\/\/dceestructuras.com\/ca\/informes-estructurals\/#breadcrumb"},"inLanguage":"ca-CA","potentialAction":[{"@type":"ReadAction","target":["https:\/\/dceestructuras.com\/ca\/informes-estructurals\/"]}]},{"@type":"BreadcrumbList","@id":"https:\/\/dceestructuras.com\/ca\/informes-estructurals\/#breadcrumb","itemListElement":[{"@type":"ListItem","position":1,"name":"Portada","item":"https:\/\/dceestructuras.com\/ca\/"},{"@type":"ListItem","position":2,"name":"Informes estructurals"}]},{"@type":"WebSite","@id":"https:\/\/dceestructuras.com\/ca\/#website","url":"https:\/\/dceestructuras.com\/ca\/","name":"DCE Estructuras","description":"","publisher":{"@id":"https:\/\/dceestructuras.com\/ca\/#organization"},"potentialAction":[{"@type":"SearchAction","target":{"@type":"EntryPoint","urlTemplate":"https:\/\/dceestructuras.com\/ca\/?s={search_term_string}"},"query-input":{"@type":"PropertyValueSpecification","valueRequired":true,"valueName":"search_term_string"}}],"inLanguage":"ca-CA"},{"@type":"Organization","@id":"https:\/\/dceestructuras.com\/ca\/#organization","name":"DCE Estructuras","url":"https:\/\/dceestructuras.com\/ca\/","logo":{"@type":"ImageObject","inLanguage":"ca-CA","@id":"https:\/\/dceestructuras.com\/ca\/#\/schema\/logo\/image\/","url":"https:\/\/dceestructuras.com\/wp-content\/uploads\/2025\/07\/LOGO-DCE_Mesa-de-trabajo-1-1.jpg","contentUrl":"https:\/\/dceestructuras.com\/wp-content\/uploads\/2025\/07\/LOGO-DCE_Mesa-de-trabajo-1-1.jpg","width":512,"height":512,"caption":"DCE Estructuras"},"image":{"@id":"https:\/\/dceestructuras.com\/ca\/#\/schema\/logo\/image\/"},"sameAs":["https:\/\/www.facebook.com\/disenoycalculo\/"]}]}},"_links":{"self":[{"href":"https:\/\/dceestructuras.com\/ca\/wp-json\/wp\/v2\/pages\/370","targetHints":{"allow":["GET"]}}],"collection":[{"href":"https:\/\/dceestructuras.com\/ca\/wp-json\/wp\/v2\/pages"}],"about":[{"href":"https:\/\/dceestructuras.com\/ca\/wp-json\/wp\/v2\/types\/page"}],"author":[{"embeddable":true,"href":"https:\/\/dceestructuras.com\/ca\/wp-json\/wp\/v2\/users\/2"}],"replies":[{"embeddable":true,"href":"https:\/\/dceestructuras.com\/ca\/wp-json\/wp\/v2\/comments?post=370"}],"version-history":[{"count":1,"href":"https:\/\/dceestructuras.com\/ca\/wp-json\/wp\/v2\/pages\/370\/revisions"}],"predecessor-version":[{"id":372,"href":"https:\/\/dceestructuras.com\/ca\/wp-json\/wp\/v2\/pages\/370\/revisions\/372"}],"wp:attachment":[{"href":"https:\/\/dceestructuras.com\/ca\/wp-json\/wp\/v2\/media?parent=370"}],"curies":[{"name":"wp","href":"https:\/\/api.w.org\/{rel}","templated":true}]}}