{"id":375,"date":"2025-07-24T15:37:14","date_gmt":"2025-07-24T13:37:14","guid":{"rendered":"https:\/\/dceestructuras.com\/rehabilitacio-i-diagnosi\/"},"modified":"2025-09-08T16:05:35","modified_gmt":"2025-09-08T14:05:35","slug":"rehabilitacio-i-diagnosi","status":"publish","type":"page","link":"https:\/\/dceestructuras.com\/ca\/rehabilitacio-i-diagnosi\/","title":{"rendered":"Rehabilitaci\u00f3 i diagnosi"},"content":{"rendered":"\t\t<div data-elementor-type=\"wp-page\" data-elementor-id=\"375\" class=\"elementor elementor-375 elementor-81\" data-elementor-post-type=\"page\">\n\t\t\t\t<div class=\"elementor-element elementor-element-e460403 e-con-full e-flex e-con e-parent\" data-id=\"e460403\" data-element_type=\"container\" data-e-type=\"container\" data-settings=\"{&quot;background_background&quot;:&quot;classic&quot;}\">\n\t\t\t\t<\/div>\n\t\t<div class=\"elementor-element elementor-element-d96bc88 e-flex e-con-boxed e-con e-parent\" data-id=\"d96bc88\" data-element_type=\"container\" data-e-type=\"container\" data-settings=\"{&quot;background_background&quot;:&quot;classic&quot;}\">\n\t\t\t\t\t<div class=\"e-con-inner\">\n\t\t\t\t<div class=\"elementor-element elementor-element-0512bb4 elementor-widget elementor-widget-heading\" data-id=\"0512bb4\" data-element_type=\"widget\" data-e-type=\"widget\" data-widget_type=\"heading.default\">\n\t\t\t\t\t<h1 class=\"elementor-heading-title elementor-size-default\">Rehabilitaci\u00f3 i diagnosi<\/h1>\t\t\t\t<\/div>\n\t\t<div class=\"elementor-element elementor-element-987c108 e-con-full e-flex e-con e-child\" data-id=\"987c108\" data-element_type=\"container\" data-e-type=\"container\">\n\t\t\t\t<div class=\"elementor-element elementor-element-ce6890a elementor-widget__width-initial elementor-widget elementor-widget-text-editor\" data-id=\"ce6890a\" data-element_type=\"widget\" data-e-type=\"widget\" data-widget_type=\"text-editor.default\">\n\t\t\t\t\t\t\t\t\t<p>La rehabilitaci\u00f3 d&#8217;edificis existents \u00e9s una disciplina on la part estructural agafa un pes rellevant. \u00c9s important tenir experi\u00e8ncia i coneixements de les t\u00e8cniques constructives existents al lloc, per poder donar una resposta adequada i l\u00f2gica al problema existent. <\/p>\t\t\t\t\t\t\t\t<\/div>\n\t\t\t\t<div class=\"elementor-element elementor-element-6b2dc47 elementor-widget elementor-widget-button\" data-id=\"6b2dc47\" data-element_type=\"widget\" data-e-type=\"widget\" data-widget_type=\"button.default\">\n\t\t\t\t\t\t\t\t\t\t<a class=\"elementor-button elementor-button-link elementor-size-sm\" href=\"https:\/\/dceestructuras.com\/ca\/contacte\/\">\n\t\t\t\t\t\t<span class=\"elementor-button-content-wrapper\">\n\t\t\t\t\t\t\t\t\t<span class=\"elementor-button-text\">Contacta<\/span>\n\t\t\t\t\t<\/span>\n\t\t\t\t\t<\/a>\n\t\t\t\t\t\t\t\t<\/div>\n\t\t\t\t<\/div>\n\t\t\t\t\t<\/div>\n\t\t\t\t<\/div>\n\t\t<div class=\"elementor-element elementor-element-07be6ae e-flex e-con-boxed e-con e-parent\" data-id=\"07be6ae\" data-element_type=\"container\" data-e-type=\"container\">\n\t\t\t\t\t<div class=\"e-con-inner\">\n\t\t\t\t<div class=\"elementor-element elementor-element-69becae elementor-widget elementor-widget-n-accordion\" data-id=\"69becae\" data-element_type=\"widget\" data-e-type=\"widget\" data-settings=\"{&quot;default_state&quot;:&quot;expanded&quot;,&quot;max_items_expended&quot;:&quot;one&quot;,&quot;n_accordion_animation_duration&quot;:{&quot;unit&quot;:&quot;ms&quot;,&quot;size&quot;:400,&quot;sizes&quot;:[]}}\" data-widget_type=\"nested-accordion.default\">\n\t\t\t\t\t\t\t<div class=\"e-n-accordion\" aria-label=\"Accordion. Open links with Enter or Space, close with Escape, and navigate with Arrow Keys\">\n\t\t\t\t\t\t<details id=\"01\" class=\"e-n-accordion-item\" open>\n\t\t\t\t<summary class=\"e-n-accordion-item-title\" data-accordion-index=\"1\" tabindex=\"0\" aria-expanded=\"true\" aria-controls=\"01\" >\n\t\t\t\t\t<span class='e-n-accordion-item-title-header'><div class=\"e-n-accordion-item-title-text\"> <span class=\"numero\">\/01<\/span>Diagn\u00f2stic rigor\u00f3s i solucions t\u00e8cniques <\/div><\/span>\n\t\t\t\t\t\t\t<span class='e-n-accordion-item-title-icon'>\n\t\t\t<span class='e-opened' ><svg aria-hidden=\"true\" class=\"e-font-icon-svg e-fas-minus\" viewBox=\"0 0 448 512\" xmlns=\"http:\/\/www.w3.org\/2000\/svg\"><path d=\"M416 208H32c-17.67 0-32 14.33-32 32v32c0 17.67 14.33 32 32 32h384c17.67 0 32-14.33 32-32v-32c0-17.67-14.33-32-32-32z\"><\/path><\/svg><\/span>\n\t\t\t<span class='e-closed'><svg aria-hidden=\"true\" class=\"e-font-icon-svg e-fas-plus\" viewBox=\"0 0 448 512\" xmlns=\"http:\/\/www.w3.org\/2000\/svg\"><path d=\"M416 208H272V64c0-17.67-14.33-32-32-32h-32c-17.67 0-32 14.33-32 32v144H32c-17.67 0-32 14.33-32 32v32c0 17.67 14.33 32 32 32h144v144c0 17.67 14.33 32 32 32h32c17.67 0 32-14.33 32-32V304h144c17.67 0 32-14.33 32-32v-32c0-17.67-14.33-32-32-32z\"><\/path><\/svg><\/span>\n\t\t<\/span>\n\n\t\t\t\t\t\t<\/summary>\n\t\t\t\t<div role=\"region\" aria-labelledby=\"01\" class=\"elementor-element elementor-element-c5ce315 e-con-full e-flex e-con e-child\" data-id=\"c5ce315\" data-element_type=\"container\" data-e-type=\"container\">\n\t\t\t\t<div class=\"elementor-element elementor-element-438af3d elementor-widget__width-initial elementor-widget elementor-widget-text-editor\" data-id=\"438af3d\" data-element_type=\"widget\" data-e-type=\"widget\" data-widget_type=\"text-editor.default\">\n\t\t\t\t\t\t\t\t\t<p>En aquest camp, oferim des d&#8217;informes i dict\u00e0mens, fent una diagnosi de les patologies detectades, aix\u00ed com el projecte de reparaci\u00f3.<\/p>\t\t\t\t\t\t\t\t<\/div>\n\t\t\t\t<\/div>\n\t\t\t\t\t<\/details>\n\t\t\t\t\t\t<details id=\"02\" class=\"e-n-accordion-item\" >\n\t\t\t\t<summary class=\"e-n-accordion-item-title\" data-accordion-index=\"2\" tabindex=\"-1\" aria-expanded=\"false\" aria-controls=\"02\" >\n\t\t\t\t\t<span class='e-n-accordion-item-title-header'><div class=\"e-n-accordion-item-title-text\"> <span class=\"numero\">\/02<\/span>Acompanyament durant l'execuci\u00f3<\/span> <\/div><\/span>\n\t\t\t\t\t\t\t<span class='e-n-accordion-item-title-icon'>\n\t\t\t<span class='e-opened' ><svg aria-hidden=\"true\" class=\"e-font-icon-svg e-fas-minus\" viewBox=\"0 0 448 512\" xmlns=\"http:\/\/www.w3.org\/2000\/svg\"><path d=\"M416 208H32c-17.67 0-32 14.33-32 32v32c0 17.67 14.33 32 32 32h384c17.67 0 32-14.33 32-32v-32c0-17.67-14.33-32-32-32z\"><\/path><\/svg><\/span>\n\t\t\t<span class='e-closed'><svg aria-hidden=\"true\" class=\"e-font-icon-svg e-fas-plus\" viewBox=\"0 0 448 512\" xmlns=\"http:\/\/www.w3.org\/2000\/svg\"><path d=\"M416 208H272V64c0-17.67-14.33-32-32-32h-32c-17.67 0-32 14.33-32 32v144H32c-17.67 0-32 14.33-32 32v32c0 17.67 14.33 32 32 32h144v144c0 17.67 14.33 32 32 32h32c17.67 0 32-14.33 32-32V304h144c17.67 0 32-14.33 32-32v-32c0-17.67-14.33-32-32-32z\"><\/path><\/svg><\/span>\n\t\t<\/span>\n\n\t\t\t\t\t\t<\/summary>\n\t\t\t\t<div role=\"region\" aria-labelledby=\"02\" class=\"elementor-element elementor-element-2bab495 e-con-full e-flex e-con e-child\" data-id=\"2bab495\" data-element_type=\"container\" data-e-type=\"container\">\n\t\t\t\t<div class=\"elementor-element elementor-element-328bd6b elementor-widget__width-initial elementor-widget elementor-widget-text-editor\" data-id=\"328bd6b\" data-element_type=\"widget\" data-e-type=\"widget\" data-widget_type=\"text-editor.default\">\n\t\t\t\t\t\t\t\t\t<p>Tamb\u00e9 fem seguiment durant les obres, que considerem important per garantir la correcta execuci\u00f3 de les solucions adoptades, ja que \u00e9s una disciplina molt espec\u00edfica, amb un alt nivell de detall.<\/p>\t\t\t\t\t\t\t\t<\/div>\n\t\t\t\t<\/div>\n\t\t\t\t\t<\/details>\n\t\t\t\t\t<\/div>\n\t\t\t\t\t\t<\/div>\n\t\t\t\t\t<\/div>\n\t\t\t\t<\/div>\n\t\t<div class=\"elementor-element elementor-element-9dcbf48 e-flex e-con-boxed e-con e-parent\" data-id=\"9dcbf48\" data-element_type=\"container\" data-e-type=\"container\" data-settings=\"{&quot;background_background&quot;:&quot;classic&quot;}\">\n\t\t\t\t\t<div class=\"e-con-inner\">\n\t\t\t\t<div class=\"elementor-element elementor-element-a2fbb61 elementor-widget elementor-widget-text-editor\" data-id=\"a2fbb61\" data-element_type=\"widget\" data-e-type=\"widget\" data-widget_type=\"text-editor.default\">\n\t\t\t\t\t\t\t\t\t<p>&#8220;Cada material t\u00e9 una personalitat espec\u00edfica diferent, i cada forma imposa un diferent fenomen tensional.&#8221;<\/p>\t\t\t\t\t\t\t\t<\/div>\n\t\t\t\t<div class=\"elementor-element elementor-element-bc21930 elementor-widget elementor-widget-text-editor\" data-id=\"bc21930\" data-element_type=\"widget\" data-e-type=\"widget\" data-widget_type=\"text-editor.default\">\n\t\t\t\t\t\t\t\t\t<p>Eduardo Torroja<\/p>\t\t\t\t\t\t\t\t<\/div>\n\t\t\t\t\t<\/div>\n\t\t\t\t<\/div>\n\t\t\t\t<\/div>\n\t\t","protected":false},"excerpt":{"rendered":"<p>Rehabilitaci\u00f3 i diagnosi La rehabilitaci\u00f3 d&#8217;edificis existents \u00e9s una disciplina on la part estructural agafa un pes rellevant. \u00c9s important tenir experi\u00e8ncia i coneixements de les t\u00e8cniques constructives existents al lloc, per poder donar una resposta adequada i l\u00f2gica al problema existent. Contacta \/01Diagn\u00f2stic rigor\u00f3s i solucions t\u00e8cniques En aquest camp, oferim des d&#8217;informes i [&hellip;]<\/p>\n","protected":false},"author":2,"featured_media":0,"parent":0,"menu_order":0,"comment_status":"closed","ping_status":"closed","template":"elementor_header_footer","meta":{"footnotes":""},"class_list":["post-375","page","type-page","status-publish","hentry"],"yoast_head":"<!-- This site is optimized with the Yoast SEO plugin v27.3 - https:\/\/yoast.com\/product\/yoast-seo-wordpress\/ -->\n<title>Rehabilitaci\u00f3 i diagnosi - DCE Estructuras<\/title>\n<meta name=\"robots\" content=\"index, follow, max-snippet:-1, max-image-preview:large, max-video-preview:-1\" \/>\n<link rel=\"canonical\" href=\"https:\/\/dceestructuras.com\/ca\/rehabilitacio-i-diagnosi\/\" \/>\n<meta property=\"og:locale\" content=\"en_US\" \/>\n<meta property=\"og:type\" content=\"article\" \/>\n<meta property=\"og:title\" content=\"Rehabilitaci\u00f3 i diagnosi - DCE Estructuras\" \/>\n<meta property=\"og:description\" content=\"Rehabilitaci\u00f3 i diagnosi La rehabilitaci\u00f3 d&#8217;edificis existents \u00e9s una disciplina on la part estructural agafa un pes rellevant. \u00c9s important tenir experi\u00e8ncia i coneixements de les t\u00e8cniques constructives existents al lloc, per poder donar una resposta adequada i l\u00f2gica al problema existent. Contacta \/01Diagn\u00f2stic rigor\u00f3s i solucions t\u00e8cniques En aquest camp, oferim des d&#8217;informes i [&hellip;]\" \/>\n<meta property=\"og:url\" content=\"https:\/\/dceestructuras.com\/ca\/rehabilitacio-i-diagnosi\/\" \/>\n<meta property=\"og:site_name\" content=\"DCE Estructuras\" \/>\n<meta property=\"article:publisher\" content=\"https:\/\/www.facebook.com\/disenoycalculo\/\" \/>\n<meta property=\"article:modified_time\" content=\"2025-09-08T14:05:35+00:00\" \/>\n<meta name=\"twitter:card\" content=\"summary_large_image\" \/>\n<meta name=\"twitter:label1\" content=\"Est. reading time\" \/>\n\t<meta name=\"twitter:data1\" content=\"1 minute\" \/>\n<script type=\"application\/ld+json\" class=\"yoast-schema-graph\">{\"@context\":\"https:\\\/\\\/schema.org\",\"@graph\":[{\"@type\":\"WebPage\",\"@id\":\"https:\\\/\\\/dceestructuras.com\\\/ca\\\/rehabilitacio-i-diagnosi\\\/\",\"url\":\"https:\\\/\\\/dceestructuras.com\\\/ca\\\/rehabilitacio-i-diagnosi\\\/\",\"name\":\"Rehabilitaci\u00f3 i diagnosi - DCE Estructuras\",\"isPartOf\":{\"@id\":\"https:\\\/\\\/dceestructuras.com\\\/ca\\\/#website\"},\"datePublished\":\"2025-07-24T13:37:14+00:00\",\"dateModified\":\"2025-09-08T14:05:35+00:00\",\"breadcrumb\":{\"@id\":\"https:\\\/\\\/dceestructuras.com\\\/ca\\\/rehabilitacio-i-diagnosi\\\/#breadcrumb\"},\"inLanguage\":\"ca-CA\",\"potentialAction\":[{\"@type\":\"ReadAction\",\"target\":[\"https:\\\/\\\/dceestructuras.com\\\/ca\\\/rehabilitacio-i-diagnosi\\\/\"]}]},{\"@type\":\"BreadcrumbList\",\"@id\":\"https:\\\/\\\/dceestructuras.com\\\/ca\\\/rehabilitacio-i-diagnosi\\\/#breadcrumb\",\"itemListElement\":[{\"@type\":\"ListItem\",\"position\":1,\"name\":\"Portada\",\"item\":\"https:\\\/\\\/dceestructuras.com\\\/ca\\\/\"},{\"@type\":\"ListItem\",\"position\":2,\"name\":\"Rehabilitaci\u00f3 i diagnosi\"}]},{\"@type\":\"WebSite\",\"@id\":\"https:\\\/\\\/dceestructuras.com\\\/ca\\\/#website\",\"url\":\"https:\\\/\\\/dceestructuras.com\\\/ca\\\/\",\"name\":\"DCE Estructuras\",\"description\":\"\",\"publisher\":{\"@id\":\"https:\\\/\\\/dceestructuras.com\\\/ca\\\/#organization\"},\"potentialAction\":[{\"@type\":\"SearchAction\",\"target\":{\"@type\":\"EntryPoint\",\"urlTemplate\":\"https:\\\/\\\/dceestructuras.com\\\/ca\\\/?s={search_term_string}\"},\"query-input\":{\"@type\":\"PropertyValueSpecification\",\"valueRequired\":true,\"valueName\":\"search_term_string\"}}],\"inLanguage\":\"ca-CA\"},{\"@type\":\"Organization\",\"@id\":\"https:\\\/\\\/dceestructuras.com\\\/ca\\\/#organization\",\"name\":\"DCE Estructuras\",\"url\":\"https:\\\/\\\/dceestructuras.com\\\/ca\\\/\",\"logo\":{\"@type\":\"ImageObject\",\"inLanguage\":\"ca-CA\",\"@id\":\"https:\\\/\\\/dceestructuras.com\\\/ca\\\/#\\\/schema\\\/logo\\\/image\\\/\",\"url\":\"https:\\\/\\\/dceestructuras.com\\\/wp-content\\\/uploads\\\/2025\\\/07\\\/LOGO-DCE_Mesa-de-trabajo-1-1.jpg\",\"contentUrl\":\"https:\\\/\\\/dceestructuras.com\\\/wp-content\\\/uploads\\\/2025\\\/07\\\/LOGO-DCE_Mesa-de-trabajo-1-1.jpg\",\"width\":512,\"height\":512,\"caption\":\"DCE Estructuras\"},\"image\":{\"@id\":\"https:\\\/\\\/dceestructuras.com\\\/ca\\\/#\\\/schema\\\/logo\\\/image\\\/\"},\"sameAs\":[\"https:\\\/\\\/www.facebook.com\\\/disenoycalculo\\\/\"]}]}<\/script>\n<!-- \/ Yoast SEO plugin. -->","yoast_head_json":{"title":"Rehabilitaci\u00f3 i diagnosi - DCE Estructuras","robots":{"index":"index","follow":"follow","max-snippet":"max-snippet:-1","max-image-preview":"max-image-preview:large","max-video-preview":"max-video-preview:-1"},"canonical":"https:\/\/dceestructuras.com\/ca\/rehabilitacio-i-diagnosi\/","og_locale":"en_US","og_type":"article","og_title":"Rehabilitaci\u00f3 i diagnosi - DCE Estructuras","og_description":"Rehabilitaci\u00f3 i diagnosi La rehabilitaci\u00f3 d&#8217;edificis existents \u00e9s una disciplina on la part estructural agafa un pes rellevant. \u00c9s important tenir experi\u00e8ncia i coneixements de les t\u00e8cniques constructives existents al lloc, per poder donar una resposta adequada i l\u00f2gica al problema existent. Contacta \/01Diagn\u00f2stic rigor\u00f3s i solucions t\u00e8cniques En aquest camp, oferim des d&#8217;informes i [&hellip;]","og_url":"https:\/\/dceestructuras.com\/ca\/rehabilitacio-i-diagnosi\/","og_site_name":"DCE Estructuras","article_publisher":"https:\/\/www.facebook.com\/disenoycalculo\/","article_modified_time":"2025-09-08T14:05:35+00:00","twitter_card":"summary_large_image","twitter_misc":{"Est. reading time":"1 minute"},"schema":{"@context":"https:\/\/schema.org","@graph":[{"@type":"WebPage","@id":"https:\/\/dceestructuras.com\/ca\/rehabilitacio-i-diagnosi\/","url":"https:\/\/dceestructuras.com\/ca\/rehabilitacio-i-diagnosi\/","name":"Rehabilitaci\u00f3 i diagnosi - DCE Estructuras","isPartOf":{"@id":"https:\/\/dceestructuras.com\/ca\/#website"},"datePublished":"2025-07-24T13:37:14+00:00","dateModified":"2025-09-08T14:05:35+00:00","breadcrumb":{"@id":"https:\/\/dceestructuras.com\/ca\/rehabilitacio-i-diagnosi\/#breadcrumb"},"inLanguage":"ca-CA","potentialAction":[{"@type":"ReadAction","target":["https:\/\/dceestructuras.com\/ca\/rehabilitacio-i-diagnosi\/"]}]},{"@type":"BreadcrumbList","@id":"https:\/\/dceestructuras.com\/ca\/rehabilitacio-i-diagnosi\/#breadcrumb","itemListElement":[{"@type":"ListItem","position":1,"name":"Portada","item":"https:\/\/dceestructuras.com\/ca\/"},{"@type":"ListItem","position":2,"name":"Rehabilitaci\u00f3 i diagnosi"}]},{"@type":"WebSite","@id":"https:\/\/dceestructuras.com\/ca\/#website","url":"https:\/\/dceestructuras.com\/ca\/","name":"DCE Estructuras","description":"","publisher":{"@id":"https:\/\/dceestructuras.com\/ca\/#organization"},"potentialAction":[{"@type":"SearchAction","target":{"@type":"EntryPoint","urlTemplate":"https:\/\/dceestructuras.com\/ca\/?s={search_term_string}"},"query-input":{"@type":"PropertyValueSpecification","valueRequired":true,"valueName":"search_term_string"}}],"inLanguage":"ca-CA"},{"@type":"Organization","@id":"https:\/\/dceestructuras.com\/ca\/#organization","name":"DCE Estructuras","url":"https:\/\/dceestructuras.com\/ca\/","logo":{"@type":"ImageObject","inLanguage":"ca-CA","@id":"https:\/\/dceestructuras.com\/ca\/#\/schema\/logo\/image\/","url":"https:\/\/dceestructuras.com\/wp-content\/uploads\/2025\/07\/LOGO-DCE_Mesa-de-trabajo-1-1.jpg","contentUrl":"https:\/\/dceestructuras.com\/wp-content\/uploads\/2025\/07\/LOGO-DCE_Mesa-de-trabajo-1-1.jpg","width":512,"height":512,"caption":"DCE Estructuras"},"image":{"@id":"https:\/\/dceestructuras.com\/ca\/#\/schema\/logo\/image\/"},"sameAs":["https:\/\/www.facebook.com\/disenoycalculo\/"]}]}},"_links":{"self":[{"href":"https:\/\/dceestructuras.com\/ca\/wp-json\/wp\/v2\/pages\/375","targetHints":{"allow":["GET"]}}],"collection":[{"href":"https:\/\/dceestructuras.com\/ca\/wp-json\/wp\/v2\/pages"}],"about":[{"href":"https:\/\/dceestructuras.com\/ca\/wp-json\/wp\/v2\/types\/page"}],"author":[{"embeddable":true,"href":"https:\/\/dceestructuras.com\/ca\/wp-json\/wp\/v2\/users\/2"}],"replies":[{"embeddable":true,"href":"https:\/\/dceestructuras.com\/ca\/wp-json\/wp\/v2\/comments?post=375"}],"version-history":[{"count":1,"href":"https:\/\/dceestructuras.com\/ca\/wp-json\/wp\/v2\/pages\/375\/revisions"}],"predecessor-version":[{"id":376,"href":"https:\/\/dceestructuras.com\/ca\/wp-json\/wp\/v2\/pages\/375\/revisions\/376"}],"wp:attachment":[{"href":"https:\/\/dceestructuras.com\/ca\/wp-json\/wp\/v2\/media?parent=375"}],"curies":[{"name":"wp","href":"https:\/\/api.w.org\/{rel}","templated":true}]}}