{"id":382,"date":"2025-07-24T15:13:35","date_gmt":"2025-07-24T13:13:35","guid":{"rendered":"https:\/\/dceestructuras.com\/contacte\/"},"modified":"2025-09-08T16:27:38","modified_gmt":"2025-09-08T14:27:38","slug":"contacte","status":"publish","type":"page","link":"https:\/\/dceestructuras.com\/ca\/contacte\/","title":{"rendered":"Contacte"},"content":{"rendered":"\t\t<div data-elementor-type=\"wp-page\" data-elementor-id=\"382\" class=\"elementor elementor-382 elementor-72\" data-elementor-post-type=\"page\">\n\t\t\t\t<div class=\"elementor-element elementor-element-ab6400a e-flex e-con-boxed e-con e-parent\" data-id=\"ab6400a\" data-element_type=\"container\" data-e-type=\"container\">\n\t\t\t\t\t<div class=\"e-con-inner\">\n\t\t<div class=\"elementor-element elementor-element-5495cd9 e-con-full e-flex e-con e-child\" data-id=\"5495cd9\" data-element_type=\"container\" data-e-type=\"container\">\n\t\t\t\t<div class=\"elementor-element elementor-element-e2d3463 elementor-widget elementor-widget-heading\" data-id=\"e2d3463\" data-element_type=\"widget\" data-e-type=\"widget\" data-widget_type=\"heading.default\">\n\t\t\t\t\t<h2 class=\"elementor-heading-title elementor-size-default\">Contacte<\/h2>\t\t\t\t<\/div>\n\t\t\t\t<div class=\"elementor-element elementor-element-2a4f073 elementor-widget__width-initial elementor-widget elementor-widget-text-editor\" data-id=\"2a4f073\" data-element_type=\"widget\" data-e-type=\"widget\" data-widget_type=\"text-editor.default\">\n\t\t\t\t\t\t\t\t\t<p>A DCE som aqu\u00ed per ajudar-te. Posa&#8217;t en contacte amb nosaltres i t&#8217;acompanyarem a cada pas del proc\u00e9s, des del plantejament inicial fins a l&#8217;execuci\u00f3 final. <\/p><p>Atenem tant professionals com particulars que busquen solucions estructurals eficients, segures i adaptades a les seves necessitats.<\/p>\t\t\t\t\t\t\t\t<\/div>\n\t\t\t\t<\/div>\n\t\t\t\t\t<\/div>\n\t\t\t\t<\/div>\n\t\t<div class=\"elementor-element elementor-element-705ff77 e-flex e-con-boxed e-con e-parent\" data-id=\"705ff77\" data-element_type=\"container\" data-e-type=\"container\">\n\t\t\t\t\t<div class=\"e-con-inner\">\n\t\t<div class=\"elementor-element elementor-element-e5d6317 e-con-full e-flex e-con e-child\" data-id=\"e5d6317\" data-element_type=\"container\" data-e-type=\"container\">\n\t\t\t\t<div class=\"elementor-element elementor-element-8604882 elementor-widget elementor-widget-image\" data-id=\"8604882\" data-element_type=\"widget\" data-e-type=\"widget\" data-widget_type=\"image.default\">\n\t\t\t\t\t\t\t\t\t\t\t\t\t\t\t<img fetchpriority=\"high\" decoding=\"async\" width=\"768\" height=\"1024\" src=\"https:\/\/dceestructuras.com\/wp-content\/uploads\/2025\/07\/despacho-bw-768x1024.jpg\" class=\"attachment-large size-large wp-image-361\" alt=\"oficina de dce\" srcset=\"https:\/\/dceestructuras.com\/wp-content\/uploads\/2025\/07\/despacho-bw-768x1024.jpg 768w, https:\/\/dceestructuras.com\/wp-content\/uploads\/2025\/07\/despacho-bw-225x300.jpg 225w, https:\/\/dceestructuras.com\/wp-content\/uploads\/2025\/07\/despacho-bw-1152x1536.jpg 1152w, https:\/\/dceestructuras.com\/wp-content\/uploads\/2025\/07\/despacho-bw-1536x2048.jpg 1536w, https:\/\/dceestructuras.com\/wp-content\/uploads\/2025\/07\/despacho-bw-scaled.jpg 1920w\" sizes=\"(max-width: 768px) 100vw, 768px\" \/>\t\t\t\t\t\t\t\t\t\t\t\t\t\t\t<\/div>\n\t\t\t\t<div class=\"elementor-element elementor-element-7a9028e elementor-icon-list--layout-traditional elementor-list-item-link-full_width elementor-widget elementor-widget-icon-list\" data-id=\"7a9028e\" data-element_type=\"widget\" data-e-type=\"widget\" data-widget_type=\"icon-list.default\">\n\t\t\t\t\t\t\t<ul class=\"elementor-icon-list-items\">\n\t\t\t\t\t\t\t<li class=\"elementor-icon-list-item\">\n\t\t\t\t\t\t\t\t\t\t\t<a href=\"https:\/\/maps.app.goo.gl\/yt2LfLwoLyyH4PaP8\">\n\n\t\t\t\t\t\t\t\t\t\t\t<span class=\"elementor-icon-list-text\">c\/ Montflorit, 110, local. 08850<br>Gav\u00e1 (Barcelona) <\/span>\n\t\t\t\t\t\t\t\t\t\t\t<\/a>\n\t\t\t\t\t\t\t\t\t<\/li>\n\t\t\t\t\t\t\t\t<li class=\"elementor-icon-list-item\">\n\t\t\t\t\t\t\t\t\t\t\t<a href=\"tel:931645813\">\n\n\t\t\t\t\t\t\t\t\t\t\t<span class=\"elementor-icon-list-text\">931 645 813<\/span>\n\t\t\t\t\t\t\t\t\t\t\t<\/a>\n\t\t\t\t\t\t\t\t\t<\/li>\n\t\t\t\t\t\t\t\t<li class=\"elementor-icon-list-item\">\n\t\t\t\t\t\t\t\t\t\t\t<a href=\"mailto:dce2002@coac.net\">\n\n\t\t\t\t\t\t\t\t\t\t\t<span class=\"elementor-icon-list-text\">dce2002@coac.net<\/span>\n\t\t\t\t\t\t\t\t\t\t\t<\/a>\n\t\t\t\t\t\t\t\t\t<\/li>\n\t\t\t\t\t\t<\/ul>\n\t\t\t\t\t\t<\/div>\n\t\t\t\t<\/div>\n\t\t\t\t\t<\/div>\n\t\t\t\t<\/div>\n\t\t\t\t<\/div>\n\t\t","protected":false},"excerpt":{"rendered":"<p>Contacte A DCE som aqu\u00ed per ajudar-te. Posa&#8217;t en contacte amb nosaltres i t&#8217;acompanyarem a cada pas del proc\u00e9s, des del plantejament inicial fins a l&#8217;execuci\u00f3 final. Atenem tant professionals com particulars que busquen solucions estructurals eficients, segures i adaptades a les seves necessitats. c\/ Montflorit, 110, local. 08850Gav\u00e1 (Barcelona) 931 645 813 dce2002@coac.net<\/p>\n","protected":false},"author":2,"featured_media":0,"parent":0,"menu_order":0,"comment_status":"closed","ping_status":"closed","template":"elementor_header_footer","meta":{"footnotes":""},"class_list":["post-382","page","type-page","status-publish","hentry"],"yoast_head":"<!-- This site is optimized with the Yoast SEO plugin v27.3 - https:\/\/yoast.com\/product\/yoast-seo-wordpress\/ -->\n<title>Contacte - DCE Estructuras<\/title>\n<meta name=\"robots\" content=\"index, follow, max-snippet:-1, max-image-preview:large, max-video-preview:-1\" \/>\n<link rel=\"canonical\" href=\"https:\/\/dceestructuras.com\/ca\/contacte\/\" \/>\n<meta property=\"og:locale\" content=\"en_US\" \/>\n<meta property=\"og:type\" content=\"article\" \/>\n<meta property=\"og:title\" content=\"Contacte - DCE Estructuras\" \/>\n<meta property=\"og:description\" content=\"Contacte A DCE som aqu\u00ed per ajudar-te. Posa&#8217;t en contacte amb nosaltres i t&#8217;acompanyarem a cada pas del proc\u00e9s, des del plantejament inicial fins a l&#8217;execuci\u00f3 final. Atenem tant professionals com particulars que busquen solucions estructurals eficients, segures i adaptades a les seves necessitats. c\/ Montflorit, 110, local. 08850Gav\u00e1 (Barcelona) 931 645 813 dce2002@coac.net\" \/>\n<meta property=\"og:url\" content=\"https:\/\/dceestructuras.com\/ca\/contacte\/\" \/>\n<meta property=\"og:site_name\" content=\"DCE Estructuras\" \/>\n<meta property=\"article:publisher\" content=\"https:\/\/www.facebook.com\/disenoycalculo\/\" \/>\n<meta property=\"article:modified_time\" content=\"2025-09-08T14:27:38+00:00\" \/>\n<meta property=\"og:image\" content=\"https:\/\/dceestructuras.com\/wp-content\/uploads\/2025\/07\/despacho-bw-768x1024.jpg\" \/>\n<meta name=\"twitter:card\" content=\"summary_large_image\" \/>\n<script type=\"application\/ld+json\" class=\"yoast-schema-graph\">{\"@context\":\"https:\\\/\\\/schema.org\",\"@graph\":[{\"@type\":\"WebPage\",\"@id\":\"https:\\\/\\\/dceestructuras.com\\\/ca\\\/contacte\\\/\",\"url\":\"https:\\\/\\\/dceestructuras.com\\\/ca\\\/contacte\\\/\",\"name\":\"Contacte - DCE Estructuras\",\"isPartOf\":{\"@id\":\"https:\\\/\\\/dceestructuras.com\\\/ca\\\/#website\"},\"primaryImageOfPage\":{\"@id\":\"https:\\\/\\\/dceestructuras.com\\\/ca\\\/contacte\\\/#primaryimage\"},\"image\":{\"@id\":\"https:\\\/\\\/dceestructuras.com\\\/ca\\\/contacte\\\/#primaryimage\"},\"thumbnailUrl\":\"https:\\\/\\\/dceestructuras.com\\\/wp-content\\\/uploads\\\/2025\\\/07\\\/despacho-bw-768x1024.jpg\",\"datePublished\":\"2025-07-24T13:13:35+00:00\",\"dateModified\":\"2025-09-08T14:27:38+00:00\",\"breadcrumb\":{\"@id\":\"https:\\\/\\\/dceestructuras.com\\\/ca\\\/contacte\\\/#breadcrumb\"},\"inLanguage\":\"ca-CA\",\"potentialAction\":[{\"@type\":\"ReadAction\",\"target\":[\"https:\\\/\\\/dceestructuras.com\\\/ca\\\/contacte\\\/\"]}]},{\"@type\":\"ImageObject\",\"inLanguage\":\"ca-CA\",\"@id\":\"https:\\\/\\\/dceestructuras.com\\\/ca\\\/contacte\\\/#primaryimage\",\"url\":\"https:\\\/\\\/dceestructuras.com\\\/wp-content\\\/uploads\\\/2025\\\/07\\\/despacho-bw-768x1024.jpg\",\"contentUrl\":\"https:\\\/\\\/dceestructuras.com\\\/wp-content\\\/uploads\\\/2025\\\/07\\\/despacho-bw-768x1024.jpg\"},{\"@type\":\"BreadcrumbList\",\"@id\":\"https:\\\/\\\/dceestructuras.com\\\/ca\\\/contacte\\\/#breadcrumb\",\"itemListElement\":[{\"@type\":\"ListItem\",\"position\":1,\"name\":\"Portada\",\"item\":\"https:\\\/\\\/dceestructuras.com\\\/ca\\\/\"},{\"@type\":\"ListItem\",\"position\":2,\"name\":\"Contacte\"}]},{\"@type\":\"WebSite\",\"@id\":\"https:\\\/\\\/dceestructuras.com\\\/ca\\\/#website\",\"url\":\"https:\\\/\\\/dceestructuras.com\\\/ca\\\/\",\"name\":\"DCE Estructuras\",\"description\":\"\",\"publisher\":{\"@id\":\"https:\\\/\\\/dceestructuras.com\\\/ca\\\/#organization\"},\"potentialAction\":[{\"@type\":\"SearchAction\",\"target\":{\"@type\":\"EntryPoint\",\"urlTemplate\":\"https:\\\/\\\/dceestructuras.com\\\/ca\\\/?s={search_term_string}\"},\"query-input\":{\"@type\":\"PropertyValueSpecification\",\"valueRequired\":true,\"valueName\":\"search_term_string\"}}],\"inLanguage\":\"ca-CA\"},{\"@type\":\"Organization\",\"@id\":\"https:\\\/\\\/dceestructuras.com\\\/ca\\\/#organization\",\"name\":\"DCE Estructuras\",\"url\":\"https:\\\/\\\/dceestructuras.com\\\/ca\\\/\",\"logo\":{\"@type\":\"ImageObject\",\"inLanguage\":\"ca-CA\",\"@id\":\"https:\\\/\\\/dceestructuras.com\\\/ca\\\/#\\\/schema\\\/logo\\\/image\\\/\",\"url\":\"https:\\\/\\\/dceestructuras.com\\\/wp-content\\\/uploads\\\/2025\\\/07\\\/LOGO-DCE_Mesa-de-trabajo-1-1.jpg\",\"contentUrl\":\"https:\\\/\\\/dceestructuras.com\\\/wp-content\\\/uploads\\\/2025\\\/07\\\/LOGO-DCE_Mesa-de-trabajo-1-1.jpg\",\"width\":512,\"height\":512,\"caption\":\"DCE Estructuras\"},\"image\":{\"@id\":\"https:\\\/\\\/dceestructuras.com\\\/ca\\\/#\\\/schema\\\/logo\\\/image\\\/\"},\"sameAs\":[\"https:\\\/\\\/www.facebook.com\\\/disenoycalculo\\\/\"]}]}<\/script>\n<!-- \/ Yoast SEO plugin. -->","yoast_head_json":{"title":"Contacte - DCE Estructuras","robots":{"index":"index","follow":"follow","max-snippet":"max-snippet:-1","max-image-preview":"max-image-preview:large","max-video-preview":"max-video-preview:-1"},"canonical":"https:\/\/dceestructuras.com\/ca\/contacte\/","og_locale":"en_US","og_type":"article","og_title":"Contacte - DCE Estructuras","og_description":"Contacte A DCE som aqu\u00ed per ajudar-te. Posa&#8217;t en contacte amb nosaltres i t&#8217;acompanyarem a cada pas del proc\u00e9s, des del plantejament inicial fins a l&#8217;execuci\u00f3 final. Atenem tant professionals com particulars que busquen solucions estructurals eficients, segures i adaptades a les seves necessitats. c\/ Montflorit, 110, local. 08850Gav\u00e1 (Barcelona) 931 645 813 dce2002@coac.net","og_url":"https:\/\/dceestructuras.com\/ca\/contacte\/","og_site_name":"DCE Estructuras","article_publisher":"https:\/\/www.facebook.com\/disenoycalculo\/","article_modified_time":"2025-09-08T14:27:38+00:00","og_image":[{"url":"https:\/\/dceestructuras.com\/wp-content\/uploads\/2025\/07\/despacho-bw-768x1024.jpg","type":"","width":"","height":""}],"twitter_card":"summary_large_image","schema":{"@context":"https:\/\/schema.org","@graph":[{"@type":"WebPage","@id":"https:\/\/dceestructuras.com\/ca\/contacte\/","url":"https:\/\/dceestructuras.com\/ca\/contacte\/","name":"Contacte - DCE Estructuras","isPartOf":{"@id":"https:\/\/dceestructuras.com\/ca\/#website"},"primaryImageOfPage":{"@id":"https:\/\/dceestructuras.com\/ca\/contacte\/#primaryimage"},"image":{"@id":"https:\/\/dceestructuras.com\/ca\/contacte\/#primaryimage"},"thumbnailUrl":"https:\/\/dceestructuras.com\/wp-content\/uploads\/2025\/07\/despacho-bw-768x1024.jpg","datePublished":"2025-07-24T13:13:35+00:00","dateModified":"2025-09-08T14:27:38+00:00","breadcrumb":{"@id":"https:\/\/dceestructuras.com\/ca\/contacte\/#breadcrumb"},"inLanguage":"ca-CA","potentialAction":[{"@type":"ReadAction","target":["https:\/\/dceestructuras.com\/ca\/contacte\/"]}]},{"@type":"ImageObject","inLanguage":"ca-CA","@id":"https:\/\/dceestructuras.com\/ca\/contacte\/#primaryimage","url":"https:\/\/dceestructuras.com\/wp-content\/uploads\/2025\/07\/despacho-bw-768x1024.jpg","contentUrl":"https:\/\/dceestructuras.com\/wp-content\/uploads\/2025\/07\/despacho-bw-768x1024.jpg"},{"@type":"BreadcrumbList","@id":"https:\/\/dceestructuras.com\/ca\/contacte\/#breadcrumb","itemListElement":[{"@type":"ListItem","position":1,"name":"Portada","item":"https:\/\/dceestructuras.com\/ca\/"},{"@type":"ListItem","position":2,"name":"Contacte"}]},{"@type":"WebSite","@id":"https:\/\/dceestructuras.com\/ca\/#website","url":"https:\/\/dceestructuras.com\/ca\/","name":"DCE Estructuras","description":"","publisher":{"@id":"https:\/\/dceestructuras.com\/ca\/#organization"},"potentialAction":[{"@type":"SearchAction","target":{"@type":"EntryPoint","urlTemplate":"https:\/\/dceestructuras.com\/ca\/?s={search_term_string}"},"query-input":{"@type":"PropertyValueSpecification","valueRequired":true,"valueName":"search_term_string"}}],"inLanguage":"ca-CA"},{"@type":"Organization","@id":"https:\/\/dceestructuras.com\/ca\/#organization","name":"DCE Estructuras","url":"https:\/\/dceestructuras.com\/ca\/","logo":{"@type":"ImageObject","inLanguage":"ca-CA","@id":"https:\/\/dceestructuras.com\/ca\/#\/schema\/logo\/image\/","url":"https:\/\/dceestructuras.com\/wp-content\/uploads\/2025\/07\/LOGO-DCE_Mesa-de-trabajo-1-1.jpg","contentUrl":"https:\/\/dceestructuras.com\/wp-content\/uploads\/2025\/07\/LOGO-DCE_Mesa-de-trabajo-1-1.jpg","width":512,"height":512,"caption":"DCE Estructuras"},"image":{"@id":"https:\/\/dceestructuras.com\/ca\/#\/schema\/logo\/image\/"},"sameAs":["https:\/\/www.facebook.com\/disenoycalculo\/"]}]}},"_links":{"self":[{"href":"https:\/\/dceestructuras.com\/ca\/wp-json\/wp\/v2\/pages\/382","targetHints":{"allow":["GET"]}}],"collection":[{"href":"https:\/\/dceestructuras.com\/ca\/wp-json\/wp\/v2\/pages"}],"about":[{"href":"https:\/\/dceestructuras.com\/ca\/wp-json\/wp\/v2\/types\/page"}],"author":[{"embeddable":true,"href":"https:\/\/dceestructuras.com\/ca\/wp-json\/wp\/v2\/users\/2"}],"replies":[{"embeddable":true,"href":"https:\/\/dceestructuras.com\/ca\/wp-json\/wp\/v2\/comments?post=382"}],"version-history":[{"count":1,"href":"https:\/\/dceestructuras.com\/ca\/wp-json\/wp\/v2\/pages\/382\/revisions"}],"predecessor-version":[{"id":383,"href":"https:\/\/dceestructuras.com\/ca\/wp-json\/wp\/v2\/pages\/382\/revisions\/383"}],"wp:attachment":[{"href":"https:\/\/dceestructuras.com\/ca\/wp-json\/wp\/v2\/media?parent=382"}],"curies":[{"name":"wp","href":"https:\/\/api.w.org\/{rel}","templated":true}]}}